{"id":2,"date":"2025-09-02T17:24:21","date_gmt":"2025-09-02T17:24:21","guid":{"rendered":"https:\/\/reiiina.com\/?page_id=2"},"modified":"2025-10-07T05:40:20","modified_gmt":"2025-10-07T05:40:20","slug":"sample-page","status":"publish","type":"page","link":"https:\/\/reiiina.com\/","title":{"rendered":"Home"},"content":{"rendered":"\t\t<div data-elementor-type=\"wp-page\" data-elementor-id=\"2\" class=\"elementor elementor-2\" data-elementor-post-type=\"page\">\n\t\t\t\t<div class=\"elementor-element elementor-element-e233e6b e-con-full e-flex e-con e-parent\" data-id=\"e233e6b\" data-element_type=\"container\">\n\t\t<div class=\"elementor-element elementor-element-17e82ec e-flex e-con-boxed e-con e-child\" data-id=\"17e82ec\" data-element_type=\"container\">\n\t\t\t\t\t<div class=\"e-con-inner\">\n\t\t\t\t<div class=\"elementor-element elementor-element-6ec3203 elementor-widget__width-initial elementor-widget elementor-widget-video\" data-id=\"6ec3203\" data-element_type=\"widget\" data-settings=\"{&quot;video_type&quot;:&quot;hosted&quot;,&quot;autoplay&quot;:&quot;yes&quot;,&quot;loop&quot;:&quot;yes&quot;,&quot;mute&quot;:&quot;yes&quot;}\" data-widget_type=\"video.default\">\n\t\t\t\t\t\t\t<div class=\"e-hosted-video elementor-wrapper elementor-open-inline\">\n\t\t\t\t\t<video class=\"elementor-video\" src=\"https:\/\/reiiina.com\/wp-content\/uploads\/2025\/09\/Corto-Reel-DJ-REIIINA-Loop-1.mp4\" autoplay=\"\" loop=\"\" muted=\"muted\" controlsList=\"nodownload\"><\/video>\n\t\t\t\t<\/div>\n\t\t\t\t\t\t<\/div>\n\t\t\t\t\t<\/div>\n\t\t\t\t<\/div>\n\t\t<div class=\"elementor-element elementor-element-2f7e70f e-con-full e-flex e-con e-child\" data-id=\"2f7e70f\" data-element_type=\"container\">\n\t\t\t\t<div class=\"elementor-element elementor-element-a147ccc elementor-widget__width-initial elementor-widget elementor-widget-image\" data-id=\"a147ccc\" data-element_type=\"widget\" data-widget_type=\"image.default\">\n\t\t\t\t\t\t\t\t\t\t\t\t\t\t\t<img fetchpriority=\"high\" decoding=\"async\" width=\"800\" height=\"534\" src=\"https:\/\/reiiina.com\/wp-content\/uploads\/2025\/09\/REIIINA0-DJ-web-1024x684.webp\" class=\"attachment-large size-large wp-image-71\" alt=\"DJ REIIINA tocando en vivo\" srcset=\"https:\/\/reiiina.com\/wp-content\/uploads\/2025\/09\/REIIINA0-DJ-web-1024x684.webp 1024w, https:\/\/reiiina.com\/wp-content\/uploads\/2025\/09\/REIIINA0-DJ-web-300x200.webp 300w, https:\/\/reiiina.com\/wp-content\/uploads\/2025\/09\/REIIINA0-DJ-web-768x513.webp 768w, https:\/\/reiiina.com\/wp-content\/uploads\/2025\/09\/REIIINA0-DJ-web-1536x1026.webp 1536w, https:\/\/reiiina.com\/wp-content\/uploads\/2025\/09\/REIIINA0-DJ-web.webp 1920w\" sizes=\"(max-width: 800px) 100vw, 800px\" \/>\t\t\t\t\t\t\t\t\t\t\t\t\t\t\t<\/div>\n\t\t\t\t<\/div>\n\t\t\t\t<\/div>\n\t\t<div class=\"elementor-element elementor-element-2cbc5f6 e-con-full e-flex e-con e-parent\" data-id=\"2cbc5f6\" data-element_type=\"container\">\n\t\t<div class=\"elementor-element elementor-element-03253b1 e-con-full e-flex e-con e-child\" data-id=\"03253b1\" data-element_type=\"container\">\n\t\t\t\t<div class=\"elementor-element elementor-element-99724fc elementor-widget__width-initial elementor-widget elementor-widget-heading\" data-id=\"99724fc\" data-element_type=\"widget\" data-widget_type=\"heading.default\">\n\t\t\t\t\t<h2 class=\"elementor-heading-title elementor-size-default\">Hola soy <b>REIIINA<\/b><br>Dj y productora musical<\/h2>\t\t\t\t<\/div>\n\t\t\t\t<div class=\"elementor-element elementor-element-b42e73c elementor-widget__width-initial elementor-widget elementor-widget-heading\" data-id=\"b42e73c\" data-element_type=\"widget\" data-widget_type=\"heading.default\">\n\t\t\t\t\t<h2 class=\"elementor-heading-title elementor-size-default\">Comenc\u00e9 creando mis propias canciones pero mi pasi\u00f3n por la m\u00fasica me llev\u00f3 a ser tambi\u00e9n DJ.<\/h2>\t\t\t\t<\/div>\n\t\t\t\t<\/div>\n\t\t<div class=\"elementor-element elementor-element-3945e52 e-con-full e-flex e-con e-child\" data-id=\"3945e52\" data-element_type=\"container\">\n\t\t\t\t<div class=\"elementor-element elementor-element-8907005 elementor-widget elementor-widget-audio\" data-id=\"8907005\" data-element_type=\"widget\" data-widget_type=\"audio.default\">\n\t\t\t\t\t\t\t\t<div class=\"elementor-soundcloud-wrapper\">\n\t\t\t\t<iframe width=\"800\" height=\"450\" frameborder=\"no\" src=\"https:\/\/w.soundcloud.com\/player\/?visual=false&#038;url=https%3A%2F%2Fapi.soundcloud.com%2Fusers%2F904769122&#038;show_artwork=true&#038;maxheight=1000&#038;maxwidth=800&#038;auto_play=false&#038;buying=true&#038;liking=true&#038;download=false&#038;sharing=true&#038;show_comments=true&#038;show_playcount=true&#038;show_user=true&#038;color\"><\/iframe>\t\t\t<\/div>\n\t\t\t\t\t\t\t<\/div>\n\t\t\t\t<\/div>\n\t\t\t\t<\/div>\n\t\t<div class=\"elementor-element elementor-element-5e7b166c e-con-full e-flex e-con e-parent\" data-id=\"5e7b166c\" data-element_type=\"container\" data-settings=\"{&quot;background_background&quot;:&quot;classic&quot;}\">\n\t\t<div class=\"elementor-element elementor-element-559db347 e-con-full e-flex e-con e-child\" data-id=\"559db347\" data-element_type=\"container\">\n\t\t\t\t<div class=\"elementor-element elementor-element-6782e0be elementor-blockquote--skin-quotation elementor-blockquote--align-center elementor-widget elementor-widget-blockquote\" data-id=\"6782e0be\" data-element_type=\"widget\" data-widget_type=\"blockquote.default\">\n\t\t\t\t\t\t\t<blockquote class=\"elementor-blockquote\">\n\t\t\t<p class=\"elementor-blockquote__content\">\n\t\t\t\tMe encanta fusionar nuestros ritmos latinos con g\u00e9neros como el funk, house, afro, techno, disco y m\u00e1s, creando sets que emocionen y provocan bailar.\t\t\t<\/p>\n\t\t\t\t\t\t\t<div class=\"e-q-footer\">\n\t\t\t\t\t\t\t\t\t\t\t<cite class=\"elementor-blockquote__author\">@reiiinamusic<\/cite>\n\t\t\t\t\t\t\t\t\t\t\t\t\t\t<\/div>\n\t\t\t\t\t<\/blockquote>\n\t\t\t\t\t\t<\/div>\n\t\t\t\t<\/div>\n\t\t<div class=\"elementor-element elementor-element-65d8c4b3 e-con-full e-flex e-con e-child\" data-id=\"65d8c4b3\" data-element_type=\"container\" data-settings=\"{&quot;background_background&quot;:&quot;classic&quot;}\">\n\t\t\t\t<\/div>\n\t\t\t\t<\/div>\n\t\t<div class=\"elementor-element elementor-element-6e44604 e-con-full e-flex e-con e-parent\" data-id=\"6e44604\" data-element_type=\"container\">\n\t\t\t\t<div class=\"elementor-element elementor-element-03f7728 elementor-widget elementor-widget-heading\" data-id=\"03f7728\" data-element_type=\"widget\" data-widget_type=\"heading.default\">\n\t\t\t\t\t<h4 class=\"elementor-heading-title elementor-size-default\">M\u00fasica <br>para ser<br> feliz<\/h4>\t\t\t\t<\/div>\n\t\t\t\t<div class=\"elementor-element elementor-element-c79c8a0 elementor-widget__width-initial elementor-widget-mobile__width-initial elementor-widget elementor-widget-heading\" data-id=\"c79c8a0\" data-element_type=\"widget\" data-widget_type=\"heading.default\">\n\t\t\t\t\t<h2 class=\"elementor-heading-title elementor-size-default\">Mis sets son finamente curados para llevar emociones a quienes lo escuchan.<\/h2>\t\t\t\t<\/div>\n\t\t\t\t<\/div>\n\t\t\t\t<\/div>\n\t\t","protected":false},"excerpt":{"rendered":"<p>https:\/\/reiiina.com\/wp-content\/uploads\/2025\/09\/Corto-Reel-DJ-REIIINA-Loop-1.mp4 Hola soy REIIINADj y productora musical Comenc\u00e9 creando mis propias canciones pero mi pasi\u00f3n por la m\u00fasica me llev\u00f3 a ser tambi\u00e9n DJ. Me encanta fusionar nuestros ritmos latinos con g\u00e9neros como el funk, house, afro, techno, disco y m\u00e1s, creando sets que emocionen y provocan bailar. @reiiinamusic M\u00fasica para ser feliz Mis sets [&hellip;]<\/p>\n","protected":false},"author":1,"featured_media":0,"parent":0,"menu_order":0,"comment_status":"closed","ping_status":"open","template":"elementor_header_footer","meta":{"footnotes":""},"class_list":["post-2","page","type-page","status-publish","hentry"],"yoast_head":"<!-- This site is optimized with the Yoast SEO plugin v26.0 - https:\/\/yoast.com\/wordpress\/plugins\/seo\/ -->\n<title>Home - REIIINA<\/title>\n<meta name=\"robots\" content=\"index, follow, max-snippet:-1, max-image-preview:large, max-video-preview:-1\" \/>\n<link rel=\"canonical\" href=\"https:\/\/reiiina.com\/\" \/>\n<meta property=\"og:locale\" content=\"en_US\" \/>\n<meta property=\"og:type\" content=\"article\" \/>\n<meta property=\"og:title\" content=\"Home - REIIINA\" \/>\n<meta property=\"og:description\" content=\"https:\/\/reiiina.com\/wp-content\/uploads\/2025\/09\/Corto-Reel-DJ-REIIINA-Loop-1.mp4 Hola soy REIIINADj y productora musical Comenc\u00e9 creando mis propias canciones pero mi pasi\u00f3n por la m\u00fasica me llev\u00f3 a ser tambi\u00e9n DJ. Me encanta fusionar nuestros ritmos latinos con g\u00e9neros como el funk, house, afro, techno, disco y m\u00e1s, creando sets que emocionen y provocan bailar. @reiiinamusic M\u00fasica para ser feliz Mis sets [&hellip;]\" \/>\n<meta property=\"og:url\" content=\"https:\/\/reiiina.com\/\" \/>\n<meta property=\"og:site_name\" content=\"REIIINA\" \/>\n<meta property=\"article:modified_time\" content=\"2025-10-07T05:40:20+00:00\" \/>\n<meta property=\"og:image\" content=\"https:\/\/reiiina.com\/wp-content\/uploads\/2025\/09\/REIIINA0-DJ-web.webp\" \/>\n\t<meta property=\"og:image:width\" content=\"1920\" \/>\n\t<meta property=\"og:image:height\" content=\"1282\" \/>\n\t<meta property=\"og:image:type\" content=\"image\/webp\" \/>\n<meta name=\"twitter:card\" content=\"summary_large_image\" \/>\n<meta name=\"twitter:label1\" content=\"Est. reading time\" \/>\n\t<meta name=\"twitter:data1\" content=\"1 minute\" \/>\n<script type=\"application\/ld+json\" class=\"yoast-schema-graph\">{\"@context\":\"https:\/\/schema.org\",\"@graph\":[{\"@type\":\"WebPage\",\"@id\":\"https:\/\/reiiina.com\/\",\"url\":\"https:\/\/reiiina.com\/\",\"name\":\"Home - REIIINA\",\"isPartOf\":{\"@id\":\"https:\/\/reiiina.com\/#website\"},\"primaryImageOfPage\":{\"@id\":\"https:\/\/reiiina.com\/#primaryimage\"},\"image\":{\"@id\":\"https:\/\/reiiina.com\/#primaryimage\"},\"thumbnailUrl\":\"https:\/\/reiiina.com\/wp-content\/uploads\/2025\/09\/REIIINA0-DJ-web-1024x684.webp\",\"datePublished\":\"2025-09-02T17:24:21+00:00\",\"dateModified\":\"2025-10-07T05:40:20+00:00\",\"breadcrumb\":{\"@id\":\"https:\/\/reiiina.com\/#breadcrumb\"},\"inLanguage\":\"en-US\",\"potentialAction\":[{\"@type\":\"ReadAction\",\"target\":[\"https:\/\/reiiina.com\/\"]}]},{\"@type\":\"ImageObject\",\"inLanguage\":\"en-US\",\"@id\":\"https:\/\/reiiina.com\/#primaryimage\",\"url\":\"https:\/\/reiiina.com\/wp-content\/uploads\/2025\/09\/REIIINA0-DJ-web.webp\",\"contentUrl\":\"https:\/\/reiiina.com\/wp-content\/uploads\/2025\/09\/REIIINA0-DJ-web.webp\",\"width\":1920,\"height\":1282,\"caption\":\"DJ REIIINA tocando en vivo\"},{\"@type\":\"BreadcrumbList\",\"@id\":\"https:\/\/reiiina.com\/#breadcrumb\",\"itemListElement\":[{\"@type\":\"ListItem\",\"position\":1,\"name\":\"Home\",\"item\":\"https:\/\/reiiina.com\/\"},{\"@type\":\"ListItem\",\"position\":2,\"name\":\"Home\"}]},{\"@type\":\"WebSite\",\"@id\":\"https:\/\/reiiina.com\/#website\",\"url\":\"https:\/\/reiiina.com\/\",\"name\":\"REIIINA\",\"description\":\"DJ y Productora Musical\",\"potentialAction\":[{\"@type\":\"SearchAction\",\"target\":{\"@type\":\"EntryPoint\",\"urlTemplate\":\"https:\/\/reiiina.com\/?s={search_term_string}\"},\"query-input\":{\"@type\":\"PropertyValueSpecification\",\"valueRequired\":true,\"valueName\":\"search_term_string\"}}],\"inLanguage\":\"en-US\"}]}<\/script>\n<!-- \/ Yoast SEO plugin. -->","yoast_head_json":{"title":"Home - REIIINA","robots":{"index":"index","follow":"follow","max-snippet":"max-snippet:-1","max-image-preview":"max-image-preview:large","max-video-preview":"max-video-preview:-1"},"canonical":"https:\/\/reiiina.com\/","og_locale":"en_US","og_type":"article","og_title":"Home - REIIINA","og_description":"https:\/\/reiiina.com\/wp-content\/uploads\/2025\/09\/Corto-Reel-DJ-REIIINA-Loop-1.mp4 Hola soy REIIINADj y productora musical Comenc\u00e9 creando mis propias canciones pero mi pasi\u00f3n por la m\u00fasica me llev\u00f3 a ser tambi\u00e9n DJ. Me encanta fusionar nuestros ritmos latinos con g\u00e9neros como el funk, house, afro, techno, disco y m\u00e1s, creando sets que emocionen y provocan bailar. @reiiinamusic M\u00fasica para ser feliz Mis sets [&hellip;]","og_url":"https:\/\/reiiina.com\/","og_site_name":"REIIINA","article_modified_time":"2025-10-07T05:40:20+00:00","og_image":[{"width":1920,"height":1282,"url":"https:\/\/reiiina.com\/wp-content\/uploads\/2025\/09\/REIIINA0-DJ-web.webp","type":"image\/webp"}],"twitter_card":"summary_large_image","twitter_misc":{"Est. reading time":"1 minute"},"schema":{"@context":"https:\/\/schema.org","@graph":[{"@type":"WebPage","@id":"https:\/\/reiiina.com\/","url":"https:\/\/reiiina.com\/","name":"Home - REIIINA","isPartOf":{"@id":"https:\/\/reiiina.com\/#website"},"primaryImageOfPage":{"@id":"https:\/\/reiiina.com\/#primaryimage"},"image":{"@id":"https:\/\/reiiina.com\/#primaryimage"},"thumbnailUrl":"https:\/\/reiiina.com\/wp-content\/uploads\/2025\/09\/REIIINA0-DJ-web-1024x684.webp","datePublished":"2025-09-02T17:24:21+00:00","dateModified":"2025-10-07T05:40:20+00:00","breadcrumb":{"@id":"https:\/\/reiiina.com\/#breadcrumb"},"inLanguage":"en-US","potentialAction":[{"@type":"ReadAction","target":["https:\/\/reiiina.com\/"]}]},{"@type":"ImageObject","inLanguage":"en-US","@id":"https:\/\/reiiina.com\/#primaryimage","url":"https:\/\/reiiina.com\/wp-content\/uploads\/2025\/09\/REIIINA0-DJ-web.webp","contentUrl":"https:\/\/reiiina.com\/wp-content\/uploads\/2025\/09\/REIIINA0-DJ-web.webp","width":1920,"height":1282,"caption":"DJ REIIINA tocando en vivo"},{"@type":"BreadcrumbList","@id":"https:\/\/reiiina.com\/#breadcrumb","itemListElement":[{"@type":"ListItem","position":1,"name":"Home","item":"https:\/\/reiiina.com\/"},{"@type":"ListItem","position":2,"name":"Home"}]},{"@type":"WebSite","@id":"https:\/\/reiiina.com\/#website","url":"https:\/\/reiiina.com\/","name":"REIIINA","description":"DJ y Productora Musical","potentialAction":[{"@type":"SearchAction","target":{"@type":"EntryPoint","urlTemplate":"https:\/\/reiiina.com\/?s={search_term_string}"},"query-input":{"@type":"PropertyValueSpecification","valueRequired":true,"valueName":"search_term_string"}}],"inLanguage":"en-US"}]}},"_links":{"self":[{"href":"https:\/\/reiiina.com\/index.php?rest_route=\/wp\/v2\/pages\/2","targetHints":{"allow":["GET"]}}],"collection":[{"href":"https:\/\/reiiina.com\/index.php?rest_route=\/wp\/v2\/pages"}],"about":[{"href":"https:\/\/reiiina.com\/index.php?rest_route=\/wp\/v2\/types\/page"}],"author":[{"embeddable":true,"href":"https:\/\/reiiina.com\/index.php?rest_route=\/wp\/v2\/users\/1"}],"replies":[{"embeddable":true,"href":"https:\/\/reiiina.com\/index.php?rest_route=%2Fwp%2Fv2%2Fcomments&post=2"}],"version-history":[{"count":37,"href":"https:\/\/reiiina.com\/index.php?rest_route=\/wp\/v2\/pages\/2\/revisions"}],"predecessor-version":[{"id":105,"href":"https:\/\/reiiina.com\/index.php?rest_route=\/wp\/v2\/pages\/2\/revisions\/105"}],"wp:attachment":[{"href":"https:\/\/reiiina.com\/index.php?rest_route=%2Fwp%2Fv2%2Fmedia&parent=2"}],"curies":[{"name":"wp","href":"https:\/\/api.w.org\/{rel}","templated":true}]}}